{"id":2472,"date":"2013-05-02T17:30:40","date_gmt":"2013-05-02T20:30:40","guid":{"rendered":"http:\/\/www.encontraminasgerais.com.br\/ouro-preto\/?page_id=2472"},"modified":"2025-11-26T13:51:38","modified_gmt":"2025-11-26T16:51:38","slug":"sobre-ouro-preto","status":"publish","type":"page","link":"https:\/\/www.encontraminasgerais.com.br\/ouro-preto\/sobre-ouro-preto\/","title":{"rendered":"Sobre Ouro Preto"},"content":{"rendered":"<p><img decoding=\"async\" class=\"alignright size-full wp-image-3984\" src=\"http:\/\/www.encontraminasgerais.com.br\/ouro-preto\/wp-content\/uploads\/2019\/02\/Cidade-Ouro-Preto.jpg\" alt=\"Cidade Ouro Preto - Minas Gerais\" width=\"100%\" srcset=\"https:\/\/www.encontraminasgerais.com.br\/ouro-preto\/wp-content\/uploads\/2019\/02\/Cidade-Ouro-Preto.jpg 1500w, https:\/\/www.encontraminasgerais.com.br\/ouro-preto\/wp-content\/uploads\/2019\/02\/Cidade-Ouro-Preto-300x157.jpg 300w, https:\/\/www.encontraminasgerais.com.br\/ouro-preto\/wp-content\/uploads\/2019\/02\/Cidade-Ouro-Preto-768x402.jpg 768w, https:\/\/www.encontraminasgerais.com.br\/ouro-preto\/wp-content\/uploads\/2019\/02\/Cidade-Ouro-Preto-1024x536.jpg 1024w\" sizes=\"(max-width: 1500px) 100vw, 1500px\" \/><\/p>\n<p>Ouro Preto \u00e9 um munic\u00edpio brasileiro localizado no estado de Minas Gerais, na Regi\u00e3o Sudeste do pa\u00eds. Sua popula\u00e7\u00e3o estimada em 2018 era de cerca de 74 mil habitantes.<\/p>\n<p>O munic\u00edpio foi fundado em 1711, por meio da fus\u00e3o de diversos arraiais, fundados por bandeirantes. No munic\u00edpio, h\u00e1 treze distritos: Amarantina, Ant\u00f4nio Pereira, Cachoeira do Campo, Engenheiro Correia, Glaura, Lavras Novas, Miguel Burnier, Santa Rita de Ouro Preto, Santo Ant\u00f4nio do Leite, Santo Ant\u00f4nio do Salto, S\u00e3o Bartolomeu e Rodrigo Silva, al\u00e9m da sede.<\/p>\n<p>Ouro Preto localiza-se em uma das principais \u00e1reas do ciclo do ouro. Oficialmente, foram enviadas a Portugal 800 toneladas de ouro no s\u00e9culo XVIII, isso sem contar o que circulou de maneira ilegal, nem o que permaneceu na col\u00f4nia, como por exemplo o ouro empregado na ornamenta\u00e7\u00e3o das igrejas.<\/p>\n<p>O munic\u00edpio chegou a ser a cidade mais populosa da Am\u00e9rica Latina, contando com cerca de 40 mil pessoas em 1730 e, d\u00e9cadas ap\u00f3s, 80 mil, mas \u00e9 bom lembrar que a \u00e1rea de Villa Rica\/Ouro Preto era muito maior englobando as atuais Congonhas, Ouro Branco e Itabirito. \u00c0quela \u00e9poca, a popula\u00e7\u00e3o de Nova York era de menos da metade desse n\u00famero de habitantes e a popula\u00e7\u00e3o de S\u00e3o Paulo n\u00e3o ultrapassava 8 mil. A Cidade Hist\u00f3rica foi o primeiro s\u00edtio brasileiro considerado Patrim\u00f4nio Mundial pela UNESCO, t\u00edtulo que recebeu em 1980. Foi considerada patrim\u00f4nio estadual em 1933 e monumento nacional em 1938.<\/p>\n<h2><\/h2>\n<h2>Hist\u00f3ria<\/h2>\n<h3>Povoamento<\/h3>\n<p>Antes da chegada dos colonizadores de origem europeia no s\u00e9culo XVI, toda a regi\u00e3o atualmente ocupada pelo estado de Minas Gerais era habitada por povos ind\u00edgenas que falavam l\u00ednguas do tronco lingu\u00edstico macro-j\u00ea. A partir do s\u00e9culo XVI, exploradores luso-tupis provenientes de S\u00e3o Paulo, os chamados bandeirantes, come\u00e7aram a percorrer a regi\u00e3o do atual estado de Minas Gerais em busca de ouro, pedras preciosas e escravos ind\u00edgenas. Nesse processo, dizimaram muitas na\u00e7\u00f5es ind\u00edgenas da regi\u00e3o. No final do s\u00e9culo XVII, finalmente foi descoberto ouro na regi\u00e3o, aumentando ainda mais o afluxo de aventureiros para a regi\u00e3o. Enquanto isso, as descobertas de ouro nos c\u00f3rregos continuavam no sert\u00e3o, elevando nomes como o de Ant\u00f4nio Dias de Oliveira, Bartolomeu Bueno de Siqueira, Carlos Pedroso da Silveira e de gente vinda da Bahia e de Pernambuco e acendendo ambi\u00e7\u00f5es de al\u00e9m-mar. As expedi\u00e7\u00f5es procuravam ora o Rio das Velhas (principalmente os paulistas, que haviam acompanhado a bandeira de Fern\u00e3o Dias Pais e de dom Rodrigo de Castelo-Branco), ora o Tripu\u00ed, onde j\u00e1 se havia encontrado o afamado &#8220;ouro preto&#8221;, balizado pelo cabe\u00e7o enevoado do pico do Itacolomi, que come\u00e7avam a avistar logo transposto o Itatiaia.<\/p>\n<p>Orientados pelos picos que eri\u00e7am as serras de Ouro Branco, Itatiaia, Ouro Preto, Itacolomi, Cachoeira, Casa Branca, Ribeir\u00e3o do Carmo etc., os exploradores seguiam, juntos ou separados. Diz Antonil que, da mina da Serra do Itatiaia, a saber do Ouro Branco (assim chamavam ao ouro ainda n\u00e3o bem formado), distante do Ribeiro do Ouro Preto oito dias de caminho moderado at\u00e9 o jantar, dele n\u00e3o faziam caso os paulistas por terem outras de ouro formado e muito melhor rendimento. Segundo Jos\u00e9 Rebelo Perdig\u00e3o, secret\u00e1rio do governador Artur de S\u00e1 e Menezes, em 1695 e 1696 teria sido descoberto, nesta montanha, um ribeiro aur\u00edfero ao qual se deu mais tarde o nome de Gualacho do Sul, mas que os paulistas desta bandeira de Garcia de Almeida e Cunha, o Miguel Garcia, n\u00e3o se recusaram a dividir a jazida com seus companheiros de Taubat\u00e9, os quais, se tendo ent\u00e3o separado, tomaram marcha para o interior e descobriram o ribeiro de Ouro Preto. Dos c\u00f3rregos e morros de Ouro Preto, ainda hoje chamados o Passadez, Bom Sucesso, Ouro Fino, Ouro Bueno, foram descobridores Ant\u00f4nio Dias, de Taubat\u00e9, o padre Jo\u00e3o de Faria Fialho e Tom\u00e1s Lopes de Camargo, primo do descobridor do Itaverava Bartolomeu Bueno de Siqueira.<\/p>\n<p>As terras ali eram de &#8220;tal modo requestadas que por acudir muita gente, s\u00f3 pode tocar tr\u00eas bra\u00e7as em quadra a cada minerador&#8221;, segundo o historiador Varnhagen. Nomes como Brumado, Sumidouro, rio Ant\u00f4nio Dias de Oliveira, pelo padre Jo\u00e3o de Faria Fialho e pelo coronel Tom\u00e1s Lopes de Camargo e um irm\u00e3o deste, por volta de 1698. A vila foi fundada em 1652 pela jun\u00e7\u00e3o desses v\u00e1rios arraiais, tornando-se sede de concelho, com a designa\u00e7\u00e3o de &#8220;Vila Rica&#8221;. Inicialmente Vila Rica de Albuquerque e depois Vila Rica de de Nossa Senhora do Pilar de Ouro Preto.<\/p>\n<h3>Atividade mineradora<\/h3>\n<p>O ouro mineiro come\u00e7ou a chegar ao Reino de Portugal ainda no final do s\u00e9culo XVII. Em 1697, o embaixador franc\u00eas Rouill\u00e9 mencionou a chegada de ouro &#8220;peruano&#8221;. N\u00e3o era distribui\u00e7\u00e3o f\u00e1cil nem equitativa, pois, \u00e0s vezes, eram explorados aluvi\u00f5es riqu\u00edssimos ao longo de um curso d&#8217;\u00e1gua estreito e, assim a riqueza mineral n\u00e3o era bem distribu\u00edda. Pelo Direito da \u00e9poca, o senhor do solo e do subsolo era o rei, mas n\u00e3o podia trabalhar a terra e a dava em quinh\u00f5es a particulares para explorar mediante parte nos resultados, o que constitu\u00eda a &#8220;pens\u00e3o enfit\u00eautica&#8221; devida ao senhorio. A por\u00e7\u00e3o era de vinte por cento = o quinto = cuja hist\u00f3ria \u00e9 a pr\u00f3pria hist\u00f3ria de Minas, segundo seu historiador Diogo de Vasconcelos. Para a arrecada\u00e7\u00e3o, em cada distrito havia um Guarda-mor com escriv\u00e3o, tesoureiro e oficiais. &#8220;Consideravam-se novas s\u00f3 as lavras distantes meia l\u00e9gua de alguma lavra j\u00e1 conhecida, de modo que os ambiciosos afastavam-se delas para se enquadrarem nas regalias, multiplicando-se os manifestos e seus exploradores, sem garantia de vida e propriedade, tendo que se entrincheirar no pr\u00f3prio local de trabalho, levantando abrigos ou aproveitando as bocas das minas, concorrendo para a dissemina\u00e7\u00e3o de povoados&#8221;.<\/p>\n<p>Vieram art\u00edfices de profiss\u00f5es diversas, no arraial de Ouro Preto e no arraial de Ant\u00f4nio Dias, no Caquende, Bom Sucesso, Passa-Dez, na Serra e Taquaral, construindo capelas, casas de morada e fabricando ferramentas. Em toda parte, foi revirada e pesquisada a areia dos ribeiros e a terra das montanhas, levantando-se barracas perto de terrenos aur\u00edferos, arraiais de paulistas come\u00e7ando a povoar o interior da terra que hoje \u00e9 Minas Gerais. Organizaram-se depois os povoados em torno de capelas provis\u00f3rias, at\u00e9 a &#8220;grande fome&#8221;.<\/p>\n<p>Diz Antonil em 1710: &#8220;A sede insaci\u00e1vel do ouro estimulou a tantos a deixarem suas terras e a meterem-se por caminhos t\u00e3o \u00e1speros como os das Minas, que dificultosamente se poder\u00e1 dar conta do n\u00famero das pessoas que atualmente l\u00e1 est\u00e3o. Cada ano, v\u00eam, nas frotas, quantidades de portugueses e estrangeiros para passarem \u00e0s Minas.&#8221; E, adiante: &#8220;As constantes invas\u00f5es de portugueses do litoral vencer\u00e3o os paulistas que haviam descoberto as lavagens de ouro &#8211; florestas batidas, montanhas revolvidas, rios desviados de cursos, pois a sede de ouro enlouquecia.<\/p>\n<p>Desciam das serras que isolavam Minas homens levando fam\u00edlias, escravos, instrumentos de minera\u00e7\u00e3o, atravessando florestas e vadeando rios caudalosos depois de lutar \u00e0s vezes contra \u00edndios expulsos do litoral. Frades fugiam dos conventos, propriet\u00e1rios abandonavam planta\u00e7\u00f5es, procurando como loucos as terras do centro &#8211; vis\u00e3o fugitiva de riquezas acumuladas sem luta nem trabalho. Em 1720, foi escolhida para capital da nova Capitania de Minas Gerais. A cidade tem o nome de &#8220;Ouro Preto&#8221; devido a uma caracter\u00edstica do mineral aqui encontrado na \u00e9poca: o ouro era escurecido por uma camada de \u00f3xido de ferro, dando-lhe tonalidade escura.<\/p>\n<h3><img loading=\"lazy\" decoding=\"async\" class=\"size-full wp-image-3986 alignnone\" src=\"http:\/\/www.encontraminasgerais.com.br\/ouro-preto\/wp-content\/uploads\/2019\/02\/Ouro-Preto-Minas-Gerais.jpg\" alt=\"\" width=\"500\" height=\"333\" srcset=\"https:\/\/www.encontraminasgerais.com.br\/ouro-preto\/wp-content\/uploads\/2019\/02\/Ouro-Preto-Minas-Gerais.jpg 500w, https:\/\/www.encontraminasgerais.com.br\/ouro-preto\/wp-content\/uploads\/2019\/02\/Ouro-Preto-Minas-Gerais-300x200.jpg 300w\" sizes=\"auto, (max-width: 500px) 100vw, 500px\" \/><\/h3>\n<h3>S\u00e9culo XIX<\/h3>\n<p>Em 1823, ap\u00f3s a Independ\u00eancia do Brasil, Vila Rica recebeu o t\u00edtulo de Imperial Cidade, conferido por dom Pedro I do Brasil, tornando-se oficialmente capital da ent\u00e3o prov\u00edncia das Minas Gerais e passando a ser designada como Imperial Cidade de Ouro Preto. Em 1839, foi fundada a Escola de Farm\u00e1cia, tida como a primeira escola de farm\u00e1cia da Am\u00e9rica do Sul. Em 12 de outubro de 1876, a pedido de dom Pedro II do Brasil, Claude Henri Gorceix fundou a Escola de Minas em Ouro Preto. Esta foi a primeira escola de estudos mineral\u00f3gicos, geol\u00f3gicos e metal\u00fargicos do Brasil e, hoje, \u00e9 uma das principais institui\u00e7\u00f5es de engenharia do pa\u00eds.<\/p>\n<p>Foi a capital da prov\u00edncia e, mais tarde, do estado, at\u00e9 1897. Assim era descrita a cidade de Ouro Preto pelo ilustre fundador da Escola de Minas, em relat\u00f3rio enviado ao imperador dom Pedro II: &#8220;Em muito pequena extens\u00e3o de terreno, pode-se acompanhar a s\u00e9rie quase completa das rochas metam\u00f3rficas que constituem grande parte do territ\u00f3rio brasileiro e todos os arredores da cidade se prestam a excurs\u00f5es mineral\u00f3gicas proveitosas e interessantes.&#8221; (Claude Henri Gorceix)<\/p>\n<p>Segundo Oliveira (2006), desde que ocorreu a fixa\u00e7\u00e3o nas \u00e1reas mineradoras da regi\u00e3o de Ouro Preto, no final do s\u00e9culo XVII e in\u00edcio do XVIII, a cidade teve v\u00e1rias imagens. De um local que &#8220;exalava conflitos&#8221;, no dizer do Conde de Assumar, governador da Capitania das Minas no s\u00e9culo XVIII, at\u00e9 a de uma capital que dificultava a moderniza\u00e7\u00e3o do Estado no in\u00edcio da Rep\u00fablica. O in\u00edcio da ocupa\u00e7\u00e3o do espa\u00e7o urbano de Ouro Preto ocorreu com a forma\u00e7\u00e3o de arraiais mineradores isolados (Ouro Podre, Taquaral, Ant\u00f4nio Dias, Pilar). A consolida\u00e7\u00e3o urbana e a presen\u00e7a efetiva da Coroa portuguesa se deu somente em meados do s\u00e9culo XVIII com a constru\u00e7\u00e3o dos Pal\u00e1cio dos Governadores (atual Escola de Minas), pelo engenheiro-militar Jos\u00e9 Fernandes Alpoim e dos arruamentos ligando os referidos arraiais.<\/p>\n<p>Entretanto, em 1897, a mudan\u00e7a da capital para Belo Horizonte provocou um esvaziamento da cidade (cerca de 45 por cento da popula\u00e7\u00e3o) e acabou inibindo o crescimento urbano da cidade nas d\u00e9cadas seguintes, fato que contribuiu para preserva\u00e7\u00e3o do Centro Hist\u00f3rico de Ouro Preto. Naquele momento, Ouro Preto era vista pela elite mineira como s\u00edmbolo do atraso e a constru\u00e7\u00e3o de Belo Horizonte tamb\u00e9m representou o ideal republicano de moderniza\u00e7\u00e3o. Entretanto, tamb\u00e9m havia partid\u00e1rios da perman\u00eancia da capital em Ouro Preto. Estes propuseram planos de revitaliza\u00e7\u00e3o da cidade e destacavam a import\u00e2ncia hist\u00f3rica da cidade na conforma\u00e7\u00e3o de Minas e do Brasil. Com a proclama\u00e7\u00e3o da rep\u00fablica brasileira em 1889, a velha cidade de Ouro Preto passou a ser vista como um entrave para o desenvolvimento do estado de Minas Gerais, que substituiu a prov\u00edncia de Minas Gerais. Foi decidida, ent\u00e3o, a transfer\u00eancia da capital estadual para uma cidade planejada, a atual cidade de Belo Horizonte, que veio a ser inaugurada em 1897.<\/p>\n<h3>S\u00e9culos XX e XXI<\/h3>\n<p>As igrejas barrocas\/rococ\u00f3s a certas influ\u00eancias neocl\u00e1ssicas e o casario colonial de Ouro Preto s\u00f3 voltaram a ficar evidenciados de forma positiva pelo movimento modernista, na d\u00e9cada de 1920. Nesse momento, as obras de Aleijadinho e Mestre Ata\u00edde passaram a ser vistas como manifesta\u00e7\u00f5es primeiras de uma cultura genuinamente brasileira. O pr\u00f3prio tombamento da cidade faz parte do projeto de constru\u00e7\u00e3o de nacionalidade brasileira, sendo o primeiro local do pa\u00eds considerado monumento nacional.<\/p>\n<p>Em 2005, foi alterado o lema inscrito na bandeira da cidade. Segundo os movimentos negros, o lema anterior, PROETIOSVM TAMEM NIGRVM (traduzido do latim, &#8220;Precioso, Ainda que Negro&#8221;) tinha uma conota\u00e7\u00e3o racista. Dessa forma, o novo lema inscrito na bandeira da cidade passou a ser PROETIOSVM AVRVM NIGRVM (&#8220;Precioso Ouro Negro&#8221;).<\/p>\n<p>Na d\u00e9cada de 2010, uma grande preocupa\u00e7\u00e3o era conservar o patrim\u00f4nio, tendo em vista o grande n\u00famero de turistas (15 a 25 mil por m\u00eas) e carros (32,7 mil em 2016, mais que o dobro do n\u00famero de 2006), e as atividades de minera\u00e7\u00e3o na regi\u00e3o. Apesar do Programa de Acelera\u00e7\u00e3o do Crescimento designar recursos para cidades hist\u00f3ricas, a Igreja do Senhor Bom Jesus de Matosinhos foi fechada em 2014 para reforma e permanecia assim dois anos depois. O tr\u00e2nsito tamb\u00e9m tem o problema das ruas apertadas, que quando se enchem de carros atrapalham pedestres a atravessar.<\/p>\n<p>&nbsp;<\/p>\n<p>Fonte:\u00a0<a title=\"Guia do Estado de Minas Gerais\" href=\"http:\/\/www.encontraminasgerais.com.br\/sobre-minas-gerais.htm\" target=\"_blank\" rel=\"noopener noreferrer\">www.encontraminasgerais.com.br<\/a><\/p>\n","protected":false},"excerpt":{"rendered":"<p>Ouro Preto \u00e9 um munic\u00edpio brasileiro localizado no estado de Minas Gerais, na Regi\u00e3o Sudeste do pa\u00eds. Sua popula\u00e7\u00e3o estimada em 2018 era de cerca de 74 mil habitantes. O munic\u00edpio foi fundado em 1711, por meio da fus\u00e3o de diversos arraiais, fundados por bandeirantes. No munic\u00edpio, h\u00e1 treze distritos: Amarantina, Ant\u00f4nio Pereira, Cachoeira do Campo, Engenheiro Correia, Glaura, Lavras Novas, Miguel Burnier, Santa Rita de Ouro Preto, Santo Ant\u00f4nio do Leite, Santo Ant\u00f4nio do Salto, S\u00e3o Bartolomeu e Rodrigo Silva, al\u00e9m da sede. Ouro Preto localiza-se em uma das principais \u00e1reas do ciclo do ouro. Oficialmente, foram enviadas a <\/p>\n","protected":false},"author":1,"featured_media":0,"parent":0,"menu_order":0,"comment_status":"open","ping_status":"open","template":"tpl_sobre_noticias.php","meta":{"footnotes":""},"class_list":["post-2472","page","type-page","status-publish","hentry"],"yoast_head":"<!-- This site is optimized with the Yoast SEO plugin v27.2 - https:\/\/yoast.com\/product\/yoast-seo-wordpress\/ -->\n<title>Sobre Ouro Preto | Guia Comercial de Ouro Preto MG<\/title>\n<meta name=\"robots\" content=\"index, follow, max-snippet:-1, max-image-preview:large, max-video-preview:-1\" \/>\n<link rel=\"canonical\" href=\"https:\/\/www.encontraminasgerais.com.br\/ouro-preto\/sobre-ouro-preto\/\" \/>\n<meta property=\"og:locale\" content=\"pt_BR\" \/>\n<meta property=\"og:type\" content=\"article\" \/>\n<meta property=\"og:title\" content=\"Sobre Ouro Preto | Guia Comercial de Ouro Preto MG\" \/>\n<meta property=\"og:description\" content=\"Ouro Preto \u00e9 um munic\u00edpio brasileiro localizado no estado de Minas Gerais, na Regi\u00e3o Sudeste do pa\u00eds. Sua popula\u00e7\u00e3o estimada em 2018 era de cerca de 74 mil habitantes. O munic\u00edpio foi fundado em 1711, por meio da fus\u00e3o de diversos arraiais, fundados por bandeirantes. No munic\u00edpio, h\u00e1 treze distritos: Amarantina, Ant\u00f4nio Pereira, Cachoeira do Campo, Engenheiro Correia, Glaura, Lavras Novas, Miguel Burnier, Santa Rita de Ouro Preto, Santo Ant\u00f4nio do Leite, Santo Ant\u00f4nio do Salto, S\u00e3o Bartolomeu e Rodrigo Silva, al\u00e9m da sede. Ouro Preto localiza-se em uma das principais \u00e1reas do ciclo do ouro. Oficialmente, foram enviadas a\" \/>\n<meta property=\"og:url\" content=\"https:\/\/www.encontraminasgerais.com.br\/ouro-preto\/sobre-ouro-preto\/\" \/>\n<meta property=\"og:site_name\" content=\"Guia Comercial de Ouro Preto MG\" \/>\n<meta property=\"article:modified_time\" content=\"2025-11-26T16:51:38+00:00\" \/>\n<meta property=\"og:image\" content=\"https:\/\/www.encontraminasgerais.com.br\/ouro-preto\/wp-content\/uploads\/2019\/02\/Cidade-Ouro-Preto.jpg\" \/>\n\t<meta property=\"og:image:width\" content=\"1500\" \/>\n\t<meta property=\"og:image:height\" content=\"785\" \/>\n\t<meta property=\"og:image:type\" content=\"image\/jpeg\" \/>\n<meta name=\"twitter:card\" content=\"summary_large_image\" \/>\n<meta name=\"twitter:label1\" content=\"Est. tempo de leitura\" \/>\n\t<meta name=\"twitter:data1\" content=\"11 minutos\" \/>\n<script type=\"application\/ld+json\" class=\"yoast-schema-graph\">{\"@context\":\"https:\/\/schema.org\",\"@graph\":[{\"@type\":\"WebPage\",\"@id\":\"https:\/\/www.encontraminasgerais.com.br\/ouro-preto\/sobre-ouro-preto\/\",\"url\":\"https:\/\/www.encontraminasgerais.com.br\/ouro-preto\/sobre-ouro-preto\/\",\"name\":\"Sobre Ouro Preto | Guia Comercial de Ouro Preto MG\",\"isPartOf\":{\"@id\":\"https:\/\/www.encontraminasgerais.com.br\/ouro-preto\/#website\"},\"primaryImageOfPage\":{\"@id\":\"https:\/\/www.encontraminasgerais.com.br\/ouro-preto\/sobre-ouro-preto\/#primaryimage\"},\"image\":{\"@id\":\"https:\/\/www.encontraminasgerais.com.br\/ouro-preto\/sobre-ouro-preto\/#primaryimage\"},\"thumbnailUrl\":\"http:\/\/www.encontraminasgerais.com.br\/ouro-preto\/wp-content\/uploads\/2019\/02\/Cidade-Ouro-Preto.jpg\",\"datePublished\":\"2013-05-02T20:30:40+00:00\",\"dateModified\":\"2025-11-26T16:51:38+00:00\",\"inLanguage\":\"pt-BR\",\"potentialAction\":[{\"@type\":\"ReadAction\",\"target\":[\"https:\/\/www.encontraminasgerais.com.br\/ouro-preto\/sobre-ouro-preto\/\"]}]},{\"@type\":\"ImageObject\",\"inLanguage\":\"pt-BR\",\"@id\":\"https:\/\/www.encontraminasgerais.com.br\/ouro-preto\/sobre-ouro-preto\/#primaryimage\",\"url\":\"https:\/\/www.encontraminasgerais.com.br\/ouro-preto\/wp-content\/uploads\/2019\/02\/Cidade-Ouro-Preto.jpg\",\"contentUrl\":\"https:\/\/www.encontraminasgerais.com.br\/ouro-preto\/wp-content\/uploads\/2019\/02\/Cidade-Ouro-Preto.jpg\",\"width\":1500,\"height\":785,\"caption\":\"Cidade Ouro Preto - Minas Gerais\"},{\"@type\":\"WebSite\",\"@id\":\"https:\/\/www.encontraminasgerais.com.br\/ouro-preto\/#website\",\"url\":\"https:\/\/www.encontraminasgerais.com.br\/ouro-preto\/\",\"name\":\"Guia Comercial de Ouro Preto MG\",\"description\":\"O Encontra Ouro Preto \u00e9 o guia mais completo da cidade Ouro Preto com com\u00e9rcios, servi\u00e7os, noticias, jornal, hist\u00f3ria e lazer da cidade.\",\"potentialAction\":[{\"@type\":\"SearchAction\",\"target\":{\"@type\":\"EntryPoint\",\"urlTemplate\":\"https:\/\/www.encontraminasgerais.com.br\/ouro-preto\/?s={search_term_string}\"},\"query-input\":{\"@type\":\"PropertyValueSpecification\",\"valueRequired\":true,\"valueName\":\"search_term_string\"}}],\"inLanguage\":\"pt-BR\"}]}<\/script>\n<!-- \/ Yoast SEO plugin. -->","yoast_head_json":{"title":"Sobre Ouro Preto | Guia Comercial de Ouro Preto MG","robots":{"index":"index","follow":"follow","max-snippet":"max-snippet:-1","max-image-preview":"max-image-preview:large","max-video-preview":"max-video-preview:-1"},"canonical":"https:\/\/www.encontraminasgerais.com.br\/ouro-preto\/sobre-ouro-preto\/","og_locale":"pt_BR","og_type":"article","og_title":"Sobre Ouro Preto | Guia Comercial de Ouro Preto MG","og_description":"Ouro Preto \u00e9 um munic\u00edpio brasileiro localizado no estado de Minas Gerais, na Regi\u00e3o Sudeste do pa\u00eds. Sua popula\u00e7\u00e3o estimada em 2018 era de cerca de 74 mil habitantes. O munic\u00edpio foi fundado em 1711, por meio da fus\u00e3o de diversos arraiais, fundados por bandeirantes. No munic\u00edpio, h\u00e1 treze distritos: Amarantina, Ant\u00f4nio Pereira, Cachoeira do Campo, Engenheiro Correia, Glaura, Lavras Novas, Miguel Burnier, Santa Rita de Ouro Preto, Santo Ant\u00f4nio do Leite, Santo Ant\u00f4nio do Salto, S\u00e3o Bartolomeu e Rodrigo Silva, al\u00e9m da sede. Ouro Preto localiza-se em uma das principais \u00e1reas do ciclo do ouro. Oficialmente, foram enviadas a","og_url":"https:\/\/www.encontraminasgerais.com.br\/ouro-preto\/sobre-ouro-preto\/","og_site_name":"Guia Comercial de Ouro Preto MG","article_modified_time":"2025-11-26T16:51:38+00:00","og_image":[{"width":1500,"height":785,"url":"https:\/\/www.encontraminasgerais.com.br\/ouro-preto\/wp-content\/uploads\/2019\/02\/Cidade-Ouro-Preto.jpg","type":"image\/jpeg"}],"twitter_card":"summary_large_image","twitter_misc":{"Est. tempo de leitura":"11 minutos"},"schema":{"@context":"https:\/\/schema.org","@graph":[{"@type":"WebPage","@id":"https:\/\/www.encontraminasgerais.com.br\/ouro-preto\/sobre-ouro-preto\/","url":"https:\/\/www.encontraminasgerais.com.br\/ouro-preto\/sobre-ouro-preto\/","name":"Sobre Ouro Preto | Guia Comercial de Ouro Preto MG","isPartOf":{"@id":"https:\/\/www.encontraminasgerais.com.br\/ouro-preto\/#website"},"primaryImageOfPage":{"@id":"https:\/\/www.encontraminasgerais.com.br\/ouro-preto\/sobre-ouro-preto\/#primaryimage"},"image":{"@id":"https:\/\/www.encontraminasgerais.com.br\/ouro-preto\/sobre-ouro-preto\/#primaryimage"},"thumbnailUrl":"http:\/\/www.encontraminasgerais.com.br\/ouro-preto\/wp-content\/uploads\/2019\/02\/Cidade-Ouro-Preto.jpg","datePublished":"2013-05-02T20:30:40+00:00","dateModified":"2025-11-26T16:51:38+00:00","inLanguage":"pt-BR","potentialAction":[{"@type":"ReadAction","target":["https:\/\/www.encontraminasgerais.com.br\/ouro-preto\/sobre-ouro-preto\/"]}]},{"@type":"ImageObject","inLanguage":"pt-BR","@id":"https:\/\/www.encontraminasgerais.com.br\/ouro-preto\/sobre-ouro-preto\/#primaryimage","url":"https:\/\/www.encontraminasgerais.com.br\/ouro-preto\/wp-content\/uploads\/2019\/02\/Cidade-Ouro-Preto.jpg","contentUrl":"https:\/\/www.encontraminasgerais.com.br\/ouro-preto\/wp-content\/uploads\/2019\/02\/Cidade-Ouro-Preto.jpg","width":1500,"height":785,"caption":"Cidade Ouro Preto - Minas Gerais"},{"@type":"WebSite","@id":"https:\/\/www.encontraminasgerais.com.br\/ouro-preto\/#website","url":"https:\/\/www.encontraminasgerais.com.br\/ouro-preto\/","name":"Guia Comercial de Ouro Preto MG","description":"O Encontra Ouro Preto \u00e9 o guia mais completo da cidade Ouro Preto com com\u00e9rcios, servi\u00e7os, noticias, jornal, hist\u00f3ria e lazer da cidade.","potentialAction":[{"@type":"SearchAction","target":{"@type":"EntryPoint","urlTemplate":"https:\/\/www.encontraminasgerais.com.br\/ouro-preto\/?s={search_term_string}"},"query-input":{"@type":"PropertyValueSpecification","valueRequired":true,"valueName":"search_term_string"}}],"inLanguage":"pt-BR"}]}},"_links":{"self":[{"href":"https:\/\/www.encontraminasgerais.com.br\/ouro-preto\/wp-json\/wp\/v2\/pages\/2472","targetHints":{"allow":["GET"]}}],"collection":[{"href":"https:\/\/www.encontraminasgerais.com.br\/ouro-preto\/wp-json\/wp\/v2\/pages"}],"about":[{"href":"https:\/\/www.encontraminasgerais.com.br\/ouro-preto\/wp-json\/wp\/v2\/types\/page"}],"author":[{"embeddable":true,"href":"https:\/\/www.encontraminasgerais.com.br\/ouro-preto\/wp-json\/wp\/v2\/users\/1"}],"replies":[{"embeddable":true,"href":"https:\/\/www.encontraminasgerais.com.br\/ouro-preto\/wp-json\/wp\/v2\/comments?post=2472"}],"version-history":[{"count":0,"href":"https:\/\/www.encontraminasgerais.com.br\/ouro-preto\/wp-json\/wp\/v2\/pages\/2472\/revisions"}],"wp:attachment":[{"href":"https:\/\/www.encontraminasgerais.com.br\/ouro-preto\/wp-json\/wp\/v2\/media?parent=2472"}],"curies":[{"name":"wp","href":"https:\/\/api.w.org\/{rel}","templated":true}]}}